{"id":2357,"date":"2024-01-20T00:30:36","date_gmt":"2024-01-20T00:30:36","guid":{"rendered":"https:\/\/coupdepouceassociation.fr\/?page_id=2357"},"modified":"2024-02-01T12:49:37","modified_gmt":"2024-02-01T12:49:37","slug":"mentions-legales","status":"publish","type":"page","link":"https:\/\/coupdepouceassociation.fr\/index.php\/mentions-legales\/","title":{"rendered":"Mentions l\u00e9gales"},"content":{"rendered":"<div class=\"fusion-fullwidth fullwidth-box fusion-builder-row-1 fusion-flex-container has-pattern-background has-mask-background nonhundred-percent-fullwidth non-hundred-percent-height-scrolling\" style=\"--awb-border-radius-top-left:0px;--awb-border-radius-top-right:0px;--awb-border-radius-bottom-right:0px;--awb-border-radius-bottom-left:0px;--awb-flex-wrap:wrap;\" ><div class=\"fusion-builder-row fusion-row fusion-flex-align-items-flex-start fusion-flex-content-wrap\" style=\"max-width:1248px;margin-left: calc(-4% \/ 2 );margin-right: calc(-4% \/ 2 );\"><div class=\"fusion-layout-column fusion_builder_column fusion-builder-column-0 fusion_builder_column_1_1 1_1 fusion-flex-column\" style=\"--awb-bg-size:cover;--awb-width-large:100%;--awb-margin-top-large:0px;--awb-spacing-right-large:1.92%;--awb-margin-bottom-large:20px;--awb-spacing-left-large:1.92%;--awb-width-medium:100%;--awb-order-medium:0;--awb-spacing-right-medium:1.92%;--awb-spacing-left-medium:1.92%;--awb-width-small:100%;--awb-order-small:0;--awb-spacing-right-small:1.92%;--awb-spacing-left-small:1.92%;\"><div class=\"fusion-column-wrapper fusion-column-has-shadow fusion-flex-justify-content-flex-start fusion-content-layout-column\"><div class=\"fusion-title title fusion-title-1 fusion-sep-none fusion-title-text fusion-title-size-one\" style=\"--awb-margin-top-small:10px;--awb-margin-right-small:0px;--awb-margin-bottom-small:10px;--awb-margin-left-small:0px;\"><h1 class=\"fusion-title-heading title-heading-left\" style=\"margin:0;\">Mentions l\u00e9gales<\/h1><\/div><div class=\"fusion-text fusion-text-1\"><p>Site officiel de l\u2019association Coup de Pouce : www.coupdepouceassociation.fr &#8211; janvier 2024<\/p>\n<p>Coup de Pouce &#8211; <span style=\"background-color: var(--awb-bg-color-hover); color: var(--awb-text-color); font-family: var(--awb-text-font-family); font-size: var(--awb-font-size); font-style: var(--awb-text-font-style); font-weight: var(--awb-text-font-weight); letter-spacing: var(--awb-letter-spacing); text-align: var(--awb-content-alignment); text-transform: var(--awb-text-transform);\">Partenaire de la r\u00e9ussite \u00e0 l&rsquo;\u00e9cole<\/span><\/p>\n<p>11, rue Auguste Lacroix<\/p>\n<p><span style=\"color: var(--awb-text-color); font-family: var(--awb-text-font-family); font-size: var(--awb-font-size); font-style: var(--awb-text-font-style); font-weight: var(--awb-text-font-weight); letter-spacing: var(--awb-letter-spacing); text-align: var(--awb-content-alignment); text-transform: var(--awb-text-transform); background-color: var(--awb-bg-color-hover);\">69003 LYON<\/span><\/p>\n<p>T\u00e9l. : 04.72.00.31.60<\/p>\n<\/p>\n<p><b>Propri\u00e9taire du site :<\/b><\/p>\n<p>Association Coup de Pouce &#8211; Partenaire de la r\u00e9ussite \u00e0 l\u2019\u00e9cole<\/p>\n<p>Association loi 1901 repr\u00e9sent\u00e9e par sa Pr\u00e9sidente, Nicole NOTAT<\/p>\n<p>Date de d\u00e9claration au Journal Officiel : 17\/05\/1984<\/p>\n<p>Date de publication au Journal Officiel : 05\/06\/1984<\/p>\n<p>Association \u00e9ducative compl\u00e9mentaire de l\u2019enseignement public (JORF n\u00b00082 du 6 avril 2019)<\/p>\n<\/p>\n<p><b>Directrice de la publication :<\/b><\/p>\n<p>Marion Gommard, Responsable communication<\/p>\n<\/p>\n<p><b>H\u00e9bergement :<\/b><\/p>\n<p>SCALEWAY SAS BP 438 75366 PARIS CEDEX 08 FRANCE<\/p>\n<\/p>\n<p><b>Cr\u00e9dits photos et vid\u00e9os :<\/b><\/p>\n<p>\u00a9 Coup de Pouce, Ville de Poitiers, JM LIOT IMAGES<\/p>\n<\/p>\n<p><b>Traitement des donn\u00e9es personnelles :<\/b><\/p>\n<p>Conform\u00e9ment \u00e0 l\u2019article 34 de la loi \u00ab\u00a0Informatique et Libert\u00e9s\u00a0\u00bb n\u00b078-17 du 6 janvier 1978, vous disposez d\u2019un droit d\u2019acc\u00e8s, de rectification, de modification et de suppression concernant les donn\u00e9es qui vous concernent. Il est donc possible, sur simple demande :<\/p>\n<ul>\n<li>d\u2019exiger la suppression des informations vous concernant dans l\u2019annuaire,<\/li>\n<li>de demander la radiation de votre adresse de courrier \u00e9lectronique de la liste de diffusion.<\/li>\n<\/ul>\n<p>Vous pouvez exercer ce droit :<\/p>\n<ul>\n<li>par courrier postal :<br \/>\nAssociation Coup de Pouce<br \/>\nPartenaire de la r\u00e9ussite<br \/>\n11, rue Auguste Lacroix<br \/>\n69003 LYON<\/li>\n<li>ou par courrier \u00e9lectronique : via le formulaire de contact.<\/li>\n<\/ul>\n<p><b>Droits d\u2019auteur :<\/b><\/p>\n<p>L\u2019ensemble de ce site rel\u00e8ve de la l\u00e9gislation fran\u00e7aise et internationale du droit d\u2019auteur et la propri\u00e9t\u00e9 intellectuelle fran\u00e7aise, qui mentionne que les cr\u00e9ations graphiques ou sonores, photos, articles etc. sont prot\u00e9g\u00e9es du simple fait de leur cr\u00e9ation et de leur originalit\u00e9.<\/p>\n<p>Toute utilisation ou extraction d\u2019\u00e9l\u00e9ments du site non autoris\u00e9e par le directeur de la publication est illicite et sanctionn\u00e9 p\u00e9nalement par le d\u00e9lit de contrefa\u00e7on.<\/p>\n<p>Les usages autoris\u00e9s des textes pr\u00e9sent\u00e9s sur ce site sont les suivants :<\/p>\n<p>Reproduction strictement r\u00e9serv\u00e9e \u00e0 l\u2019usage priv\u00e9 du copiste et non destin\u00e9e \u00e0 une utilisation collective.<\/p>\n<p>Reproduction, diffusion ou repr\u00e9sentation \u00e0 des fins d\u2019information professionnelle, sur support non num\u00e9rique, \u00e0 la condition expresse de ne pas modifier les \u0153uvres et de mentionner la source.<\/p>\n<p>Courtes citations : sont licites les citations courtes des textes pr\u00e9sents sur le site dans la mesure o\u00f9 ils s\u2019int\u00e8grent dans une \u0153uvre nouvelle, \u00e0 la condition expresse de ne pas modifier les \u0153uvres cit\u00e9es de les d\u00e9limiter formellement (guillemets de citation ou typographie distinctive) et de mentionner la source.<\/p>\n<p>Toute autre exploitation des textes pr\u00e9sents sur le site, notamment republication sur d\u2019autres sites, Internet ou intranet, suppose l\u2019accord du directeur de la publication.<\/p>\n<p>Toute exploitation, m\u00eame \u00e0 titre priv\u00e9, de la totalit\u00e9 ou d\u2019une partie substantielle du site suppose l\u2019accord du directeur de la publication conform\u00e9ment aux dispositions.<\/p>\n<p>Tout manquement aux r\u00e8gles du droit d\u2019auteur ou du droit des bases de donn\u00e9es est passible de sanctions p\u00e9nales au titre du d\u00e9lit de contrefa\u00e7on, sans pr\u00e9judice d\u2019\u00e9ventuelles demandes de dommages et int\u00e9r\u00eats de la part des titulaires de droits.<\/p>\n<p>Photographie :<\/p>\n<p>Toutes les images pr\u00e9sentes sur ce site web sont soumises \u00e0 un copyright. Elles ne peuvent \u00eatre dupliqu\u00e9es ou utilis\u00e9es sans l\u2019autorisation \u00e9crite du service communication de Coup de Pouce.<\/p>\n<\/p>\n<p><b>Cookies :<\/b><\/p>\n<p>Ce site peut utiliser des cookies de session pour ses parties en acc\u00e8s priv\u00e9. L\u2019acc\u00e8s public au site est garanti sans cookie.<\/p>\n<\/p>\n<p><b>Etablissement de liens :<\/b><\/p>\n<p>Coup de Pouce autorise la mise en place d\u2019un lien hypertexte pour tous les sites Internet, \u00e0 l\u2019exclusion de ceux diffusant des informations \u00e0 caract\u00e8re pol\u00e9mique, pornographique, x\u00e9nophobe ou pouvant, dans une plus large mesure, porter atteinte \u00e0 la sensibilit\u00e9 du plus grand nombre.<\/p>\n<p>Le lien doit aboutir \u00e0 la page d\u2019accueil du site, et le site www.coupdepouceassociation.fr doit appara\u00eetre dans une nouvelle fen\u00eatre. Les pages du site www.coupdepouceassociation.fr ne doivent en aucun cas \u00eatre int\u00e9gr\u00e9es \u00e0 l\u2019int\u00e9rieur des pages d\u2019un autre site.<\/p>\n<p>La demande d\u2019\u00e9tablissement de lien hypertexte \u00e0 partir du site de l\u2019association Coup de Pouce doit \u00eatre faite par mail ou via le formulaire de contact.<\/p>\n<p>Dans tous les cas d\u2019esp\u00e8ce, l\u2019association Coup de Pouce se r\u00e9serve le droit de demander la suppression d\u2019un lien si elle estime que le site cible ne respecte pas les r\u00e8gles ainsi d\u00e9finies.<\/p>\n<\/p>\n<p><b>Liens vers des sites tiers :<\/b><\/p>\n<p>L\u2019association Coup de Pouce se r\u00e9serve le droit de pointer vers des sites tiers. Acc\u00e9der \u00e0 ces liens vous font quitter le site de www.coupdepouceassociation.fr. Ces sites ne sont pas sous le contr\u00f4le de l\u2019association, par cons\u00e9quent cette derni\u00e8re n\u2019est pas responsable du contenu de ces sites, des liens qu\u2019ils contiennent ni des changements ou mises \u00e0 jour qui leur sont apport\u00e9s.<\/p>\n<p>Responsabilit\u00e9 :<\/p>\n<p>Coup de Pouce ne peut pas \u00eatre tenue pour responsable de la transmission d\u00e9fectueuse des donn\u00e9es dues aux divers r\u00e9seaux de l\u2019Internet ou aux incompatibilit\u00e9s dues au navigateur de l\u2019utilisateur.<\/p>\n<\/div><\/div><\/div><\/div><\/div>\n","protected":false},"excerpt":{"rendered":"","protected":false},"author":2,"featured_media":0,"parent":0,"menu_order":0,"comment_status":"closed","ping_status":"closed","template":"100-width.php","meta":{"footnotes":""},"class_list":["post-2357","page","type-page","status-publish","hentry"],"yoast_head":"<!-- This site is optimized with the Yoast SEO plugin v27.4 - https:\/\/yoast.com\/product\/yoast-seo-wordpress\/ -->\n<title>Mentions l\u00e9gales<\/title>\n<meta name=\"description\" content=\"(c) Coup de Pouce 2024 \u2013 Tous droits r\u00e9serv\u00e9s\" \/>\n<meta name=\"robots\" content=\"index, follow, max-snippet:-1, max-image-preview:large, max-video-preview:-1\" \/>\n<link rel=\"canonical\" href=\"https:\/\/coupdepouceassociation.fr\/index.php\/mentions-legales\/\" \/>\n<meta property=\"og:locale\" content=\"fr_FR\" \/>\n<meta property=\"og:type\" content=\"article\" \/>\n<meta property=\"og:title\" content=\"Mentions l\u00e9gales\" \/>\n<meta property=\"og:description\" content=\"(c) Coup de Pouce 2024 \u2013 Tous droits r\u00e9serv\u00e9s\" \/>\n<meta property=\"og:url\" content=\"https:\/\/coupdepouceassociation.fr\/index.php\/mentions-legales\/\" \/>\n<meta property=\"og:site_name\" content=\"Association Coup de Pouce\" \/>\n<meta property=\"article:publisher\" content=\"https:\/\/www.facebook.com\/coupdepouceassociation\" \/>\n<meta property=\"article:modified_time\" content=\"2024-02-01T12:49:37+00:00\" \/>\n<meta name=\"twitter:card\" content=\"summary_large_image\" \/>\n<meta name=\"twitter:site\" content=\"@coupdepouceasso\" \/>\n<meta name=\"twitter:label1\" content=\"Dur\u00e9e de lecture estim\u00e9e\" \/>\n\t<meta name=\"twitter:data1\" content=\"4 minutes\" \/>\n<script type=\"application\/ld+json\" class=\"yoast-schema-graph\">{\"@context\":\"https:\\\/\\\/schema.org\",\"@graph\":[{\"@type\":\"WebPage\",\"@id\":\"https:\\\/\\\/coupdepouceassociation.fr\\\/index.php\\\/mentions-legales\\\/\",\"url\":\"https:\\\/\\\/coupdepouceassociation.fr\\\/index.php\\\/mentions-legales\\\/\",\"name\":\"Mentions l\u00e9gales\",\"isPartOf\":{\"@id\":\"https:\\\/\\\/coupdepouceassociation.fr\\\/#website\"},\"datePublished\":\"2024-01-20T00:30:36+00:00\",\"dateModified\":\"2024-02-01T12:49:37+00:00\",\"description\":\"(c) Coup de Pouce 2024 \u2013 Tous droits r\u00e9serv\u00e9s\",\"breadcrumb\":{\"@id\":\"https:\\\/\\\/coupdepouceassociation.fr\\\/index.php\\\/mentions-legales\\\/#breadcrumb\"},\"inLanguage\":\"fr-FR\",\"potentialAction\":[{\"@type\":\"ReadAction\",\"target\":[\"https:\\\/\\\/coupdepouceassociation.fr\\\/index.php\\\/mentions-legales\\\/\"]}]},{\"@type\":\"BreadcrumbList\",\"@id\":\"https:\\\/\\\/coupdepouceassociation.fr\\\/index.php\\\/mentions-legales\\\/#breadcrumb\",\"itemListElement\":[{\"@type\":\"ListItem\",\"position\":1,\"name\":\"Accueil\",\"item\":\"https:\\\/\\\/coupdepouceassociation.fr\\\/\"},{\"@type\":\"ListItem\",\"position\":2,\"name\":\"Mentions l\u00e9gales\"}]},{\"@type\":\"WebSite\",\"@id\":\"https:\\\/\\\/coupdepouceassociation.fr\\\/#website\",\"url\":\"https:\\\/\\\/coupdepouceassociation.fr\\\/\",\"name\":\"Association Coup de Pouce\",\"description\":\"\",\"publisher\":{\"@id\":\"https:\\\/\\\/coupdepouceassociation.fr\\\/#organization\"},\"potentialAction\":[{\"@type\":\"SearchAction\",\"target\":{\"@type\":\"EntryPoint\",\"urlTemplate\":\"https:\\\/\\\/coupdepouceassociation.fr\\\/?s={search_term_string}\"},\"query-input\":{\"@type\":\"PropertyValueSpecification\",\"valueRequired\":true,\"valueName\":\"search_term_string\"}}],\"inLanguage\":\"fr-FR\"},{\"@type\":\"Organization\",\"@id\":\"https:\\\/\\\/coupdepouceassociation.fr\\\/#organization\",\"name\":\"Association Coup de Pouce\",\"url\":\"https:\\\/\\\/coupdepouceassociation.fr\\\/\",\"logo\":{\"@type\":\"ImageObject\",\"inLanguage\":\"fr-FR\",\"@id\":\"https:\\\/\\\/coupdepouceassociation.fr\\\/#\\\/schema\\\/logo\\\/image\\\/\",\"url\":\"https:\\\/\\\/coupdepouceassociation.fr\\\/wp-content\\\/uploads\\\/2024\\\/01\\\/CDP_LOGO_SIGN_POSITIF_pomme-scaled.jpg\",\"contentUrl\":\"https:\\\/\\\/coupdepouceassociation.fr\\\/wp-content\\\/uploads\\\/2024\\\/01\\\/CDP_LOGO_SIGN_POSITIF_pomme-scaled.jpg\",\"width\":2560,\"height\":1578,\"caption\":\"Association Coup de Pouce\"},\"image\":{\"@id\":\"https:\\\/\\\/coupdepouceassociation.fr\\\/#\\\/schema\\\/logo\\\/image\\\/\"},\"sameAs\":[\"https:\\\/\\\/www.facebook.com\\\/coupdepouceassociation\",\"https:\\\/\\\/x.com\\\/coupdepouceasso\",\"https:\\\/\\\/www.linkedin.com\\\/company\\\/11085170\\\/admin\\\/feed\\\/posts\\\/\",\"https:\\\/\\\/www.instagram.com\\\/coup_de_pouce_asso\\\/?hl=fr\",\"https:\\\/\\\/www.youtube.com\\\/@associationcoupdepouce8898\"]}]}<\/script>\n<!-- \/ Yoast SEO plugin. -->","yoast_head_json":{"title":"Mentions l\u00e9gales","description":"(c) Coup de Pouce 2024 \u2013 Tous droits r\u00e9serv\u00e9s","robots":{"index":"index","follow":"follow","max-snippet":"max-snippet:-1","max-image-preview":"max-image-preview:large","max-video-preview":"max-video-preview:-1"},"canonical":"https:\/\/coupdepouceassociation.fr\/index.php\/mentions-legales\/","og_locale":"fr_FR","og_type":"article","og_title":"Mentions l\u00e9gales","og_description":"(c) Coup de Pouce 2024 \u2013 Tous droits r\u00e9serv\u00e9s","og_url":"https:\/\/coupdepouceassociation.fr\/index.php\/mentions-legales\/","og_site_name":"Association Coup de Pouce","article_publisher":"https:\/\/www.facebook.com\/coupdepouceassociation","article_modified_time":"2024-02-01T12:49:37+00:00","twitter_card":"summary_large_image","twitter_site":"@coupdepouceasso","twitter_misc":{"Dur\u00e9e de lecture estim\u00e9e":"4 minutes"},"schema":{"@context":"https:\/\/schema.org","@graph":[{"@type":"WebPage","@id":"https:\/\/coupdepouceassociation.fr\/index.php\/mentions-legales\/","url":"https:\/\/coupdepouceassociation.fr\/index.php\/mentions-legales\/","name":"Mentions l\u00e9gales","isPartOf":{"@id":"https:\/\/coupdepouceassociation.fr\/#website"},"datePublished":"2024-01-20T00:30:36+00:00","dateModified":"2024-02-01T12:49:37+00:00","description":"(c) Coup de Pouce 2024 \u2013 Tous droits r\u00e9serv\u00e9s","breadcrumb":{"@id":"https:\/\/coupdepouceassociation.fr\/index.php\/mentions-legales\/#breadcrumb"},"inLanguage":"fr-FR","potentialAction":[{"@type":"ReadAction","target":["https:\/\/coupdepouceassociation.fr\/index.php\/mentions-legales\/"]}]},{"@type":"BreadcrumbList","@id":"https:\/\/coupdepouceassociation.fr\/index.php\/mentions-legales\/#breadcrumb","itemListElement":[{"@type":"ListItem","position":1,"name":"Accueil","item":"https:\/\/coupdepouceassociation.fr\/"},{"@type":"ListItem","position":2,"name":"Mentions l\u00e9gales"}]},{"@type":"WebSite","@id":"https:\/\/coupdepouceassociation.fr\/#website","url":"https:\/\/coupdepouceassociation.fr\/","name":"Association Coup de Pouce","description":"","publisher":{"@id":"https:\/\/coupdepouceassociation.fr\/#organization"},"potentialAction":[{"@type":"SearchAction","target":{"@type":"EntryPoint","urlTemplate":"https:\/\/coupdepouceassociation.fr\/?s={search_term_string}"},"query-input":{"@type":"PropertyValueSpecification","valueRequired":true,"valueName":"search_term_string"}}],"inLanguage":"fr-FR"},{"@type":"Organization","@id":"https:\/\/coupdepouceassociation.fr\/#organization","name":"Association Coup de Pouce","url":"https:\/\/coupdepouceassociation.fr\/","logo":{"@type":"ImageObject","inLanguage":"fr-FR","@id":"https:\/\/coupdepouceassociation.fr\/#\/schema\/logo\/image\/","url":"https:\/\/coupdepouceassociation.fr\/wp-content\/uploads\/2024\/01\/CDP_LOGO_SIGN_POSITIF_pomme-scaled.jpg","contentUrl":"https:\/\/coupdepouceassociation.fr\/wp-content\/uploads\/2024\/01\/CDP_LOGO_SIGN_POSITIF_pomme-scaled.jpg","width":2560,"height":1578,"caption":"Association Coup de Pouce"},"image":{"@id":"https:\/\/coupdepouceassociation.fr\/#\/schema\/logo\/image\/"},"sameAs":["https:\/\/www.facebook.com\/coupdepouceassociation","https:\/\/x.com\/coupdepouceasso","https:\/\/www.linkedin.com\/company\/11085170\/admin\/feed\/posts\/","https:\/\/www.instagram.com\/coup_de_pouce_asso\/?hl=fr","https:\/\/www.youtube.com\/@associationcoupdepouce8898"]}]}},"_links":{"self":[{"href":"https:\/\/coupdepouceassociation.fr\/index.php\/wp-json\/wp\/v2\/pages\/2357","targetHints":{"allow":["GET"]}}],"collection":[{"href":"https:\/\/coupdepouceassociation.fr\/index.php\/wp-json\/wp\/v2\/pages"}],"about":[{"href":"https:\/\/coupdepouceassociation.fr\/index.php\/wp-json\/wp\/v2\/types\/page"}],"author":[{"embeddable":true,"href":"https:\/\/coupdepouceassociation.fr\/index.php\/wp-json\/wp\/v2\/users\/2"}],"replies":[{"embeddable":true,"href":"https:\/\/coupdepouceassociation.fr\/index.php\/wp-json\/wp\/v2\/comments?post=2357"}],"version-history":[{"count":5,"href":"https:\/\/coupdepouceassociation.fr\/index.php\/wp-json\/wp\/v2\/pages\/2357\/revisions"}],"predecessor-version":[{"id":2556,"href":"https:\/\/coupdepouceassociation.fr\/index.php\/wp-json\/wp\/v2\/pages\/2357\/revisions\/2556"}],"wp:attachment":[{"href":"https:\/\/coupdepouceassociation.fr\/index.php\/wp-json\/wp\/v2\/media?parent=2357"}],"curies":[{"name":"wp","href":"https:\/\/api.w.org\/{rel}","templated":true}]}}