{"id":3516,"date":"2024-11-14T09:07:03","date_gmt":"2024-11-14T09:07:03","guid":{"rendered":"https:\/\/coupdepouceassociation.fr\/?page_id=3516"},"modified":"2024-11-28T11:07:34","modified_gmt":"2024-11-28T11:07:34","slug":"agir-au-bon-moment","status":"publish","type":"page","link":"https:\/\/coupdepouceassociation.fr\/index.php\/agir-au-bon-moment\/","title":{"rendered":"\ud83e\udd1d Je mets fin au d\u00e9crochage scolaire"},"content":{"rendered":"<p><div class=\"fusion-fullwidth fullwidth-box fusion-builder-row-1 fusion-flex-container has-pattern-background has-mask-background nonhundred-percent-fullwidth non-hundred-percent-height-scrolling\" style=\"--awb-border-sizes-top:50;--awb-border-radius-top-left:0px;--awb-border-radius-top-right:0px;--awb-border-radius-bottom-right:0px;--awb-border-radius-bottom-left:0px;--awb-flex-wrap:wrap;\" ><div class=\"fusion-builder-row fusion-row fusion-flex-align-items-flex-start fusion-flex-content-wrap\" style=\"max-width:1248px;margin-left: calc(-4% \/ 2 );margin-right: calc(-4% \/ 2 );\"><div class=\"fusion-layout-column fusion_builder_column fusion-builder-column-0 fusion_builder_column_1_1 1_1 fusion-flex-column\" style=\"--awb-bg-color:#ffffffff;--awb-bg-color-hover:#ffffffff;--awb-bg-size:cover;--awb-width-large:100%;--awb-margin-top-large:0px;--awb-spacing-right-large:1.92%;--awb-margin-bottom-large:20px;--awb-spacing-left-large:1.92%;--awb-width-medium:100%;--awb-order-medium:0;--awb-spacing-right-medium:1.92%;--awb-spacing-left-medium:1.92%;--awb-width-small:100%;--awb-order-small:0;--awb-spacing-right-small:1.92%;--awb-spacing-left-small:1.92%;\"><div class=\"fusion-column-wrapper fusion-column-has-shadow fusion-flex-justify-content-center fusion-content-layout-column\"><div class=\"fusion-title title fusion-title-1 fusion-sep-none fusion-title-center fusion-title-text fusion-title-size-two\" style=\"--awb-text-color:#4db8c9;--awb-margin-bottom:0px;--awb-margin-top-small:10px;--awb-margin-right-small:0px;--awb-margin-bottom-small:10px;--awb-margin-left-small:0px;\"><h2 class=\"fusion-title-heading title-heading-center\" style=\"margin:0;\">DONNER POUR PR\u00c9VENIR LE D\u00c9CROCHAGE SCOLAIRE D\u00c8S LE PLUS JEUNE \u00c2GE !<\/h2><\/div><\/div><\/div><\/div><\/div><div class=\"fusion-fullwidth fullwidth-box fusion-builder-row-2 fusion-flex-container has-pattern-background has-mask-background hundred-percent-fullwidth non-hundred-percent-height-scrolling\" style=\"--awb-border-radius-top-left:0px;--awb-border-radius-top-right:0px;--awb-border-radius-bottom-right:0px;--awb-border-radius-bottom-left:0px;--awb-overflow:visible;--awb-flex-wrap:wrap;\" ><div class=\"fusion-builder-row fusion-row fusion-flex-align-items-flex-start fusion-flex-content-wrap\" style=\"width:104% !important;max-width:104% !important;margin-left: calc(-4% \/ 2 );margin-right: calc(-4% \/ 2 );\"><div class=\"fusion-layout-column fusion_builder_column fusion-builder-column-1 fusion_builder_column_1_1 1_1 fusion-flex-column\" style=\"--awb-bg-size:cover;--awb-width-large:100%;--awb-margin-top-large:0px;--awb-spacing-right-large:1.92%;--awb-margin-bottom-large:20px;--awb-spacing-left-large:1.92%;--awb-width-medium:100%;--awb-order-medium:0;--awb-spacing-right-medium:1.92%;--awb-spacing-left-medium:1.92%;--awb-width-small:100%;--awb-order-small:0;--awb-spacing-right-small:1.92%;--awb-spacing-left-small:1.92%;\"><div class=\"fusion-column-wrapper fusion-column-has-shadow fusion-flex-justify-content-flex-start fusion-content-layout-column\"><div class=\"fusion-video fusion-youtube\" style=\"--awb-max-width:1800px;--awb-max-height:900px;--awb-align-self:center;--awb-width:100%;\" data-autoplay=\"1\" itemscope itemtype=\"http:\/\/schema.org\/VideoObject\"><meta itemprop=\"thumbnailUrl\" content=\"https:\/\/i3.ytimg.com\/vi\/lrR7-UyIJ7E\/hqdefault.jpg\" \/><meta itemprop=\"embedUrl\" content=\"https:\/\/www.youtube.com\/embed\/lrR7-UyIJ7E\" \/><div class=\"video-shortcode\"><lite-youtube videoid=\"lrR7-UyIJ7E\" class=\"landscape\" params=\"wmode=transparent&autoplay=1&amp;loop=1&amp;playlist=lrR7-UyIJ7E&amp;controls=0&amp;start=1&amp;enablejsapi=1\" title=\"YouTube video player 1\" data-button-label=\"Play Video\" width=\"1800\" height=\"900\" data-thumbnail-size=\"maxresdefault\" data-no-cookie=\"on\"><\/lite-youtube><\/div><\/div><\/div><\/div><div class=\"fusion-layout-column fusion_builder_column fusion-builder-column-2 fusion_builder_column_1_1 1_1 fusion-flex-column\" style=\"--awb-bg-size:cover;--awb-width-large:100%;--awb-margin-top-large:0px;--awb-spacing-right-large:1.92%;--awb-margin-bottom-large:20px;--awb-spacing-left-large:1.92%;--awb-width-medium:100%;--awb-order-medium:0;--awb-spacing-right-medium:1.92%;--awb-spacing-left-medium:1.92%;--awb-width-small:100%;--awb-order-small:0;--awb-spacing-right-small:1.92%;--awb-spacing-left-small:1.92%;\"><div class=\"fusion-column-wrapper fusion-column-has-shadow fusion-flex-justify-content-flex-start fusion-content-layout-column\"><div class=\"fusion-text fusion-text-1\"><p><strong><br \/><\/strong><\/p>\n<p><strong><br \/><\/strong><\/p>\n<p><strong><br \/><\/strong><\/p>\n<p><strong><br \/><\/strong><\/p>\n<p><strong><br \/><\/strong><\/p>\n<p><strong>Pourquoi donner \u00e0 Coup de Pouce ? <\/strong><\/p>\n<p>&#8211; Nos programmes ont \u00e9t\u00e9 \u00e9prouv\u00e9s scientifiquement gr\u00e2ce \u00e0 notre collaboration avec <b>un conseil scientifique et avec une chercheuse en \u00e9ducation au sein de notre \u00e9quipe. <\/b><\/p>\n<p>&#8211; Gr\u00e2ce \u00e0 notre m\u00e9thode de pr\u00e9vention du d\u00e9crochage \u00e0 la racine, nous somme l&rsquo;association nationale de r\u00e9f\u00e9rence avec 250 villes partenaires de notre action.<\/p>\n<p>&#8211; <b>Et \u00e7a fonctionne ! <\/b>Les impacts ont \u00e9t\u00e9 \u00e9valu\u00e9s sur <span style=\"color: var(--awb-text-color); font-family: var(--awb-text-font-family); font-size: var(--awb-font-size); font-style: var(--awb-text-font-style); font-weight: var(--awb-text-font-weight); letter-spacing: var(--awb-letter-spacing); text-align: var(--awb-content-alignment); text-transform: var(--awb-text-transform); background-color: var(--awb-bg-color-medium-hover);\">175 000 enfants et 263 000 parents depuis 30 ans.<\/span><\/p>\n<\/div><div style=\"text-align:center;\"><a class=\"fusion-button button-flat button-xlarge button-custom fusion-button-default button-1 fusion-button-default-span fusion-button-default-type awb-b-icon-pos-left\" style=\"--button_accent_color:var(--awb-color1);--button_accent_hover_color:var(--awb-color7);--button_border_hover_color:rgba(23,37,55,0);--button_gradient_top_color:var(--awb-color7);--button_gradient_bottom_color:var(--awb-color7);--button_gradient_top_color_hover:rgba(255,255,255,0);--button_gradient_bottom_color_hover:rgba(255,255,255,0);\" target=\"_self\" data-hover=\"icon_position\" href=\"https:\/\/dons.coupdepouceasso.fr\/je-donne-pour-leur-reussite-scolaire\/~mon-don\"><i class=\"fa-child fas awb-button__icon awb-button__icon--default button-icon-left\" aria-hidden=\"true\"><\/i><i class=\"fa-child fas awb-button__icon awb-button__icon--default button-icon-left\" aria-hidden=\"true\"><\/i><span class=\"fusion-button-text awb-button__text awb-button__text--default\">DONNER EN CONFIANCE <\/span><\/a><\/div><\/div><\/div><\/div><\/div><div class=\"fusion-fullwidth fullwidth-box fusion-builder-row-3 fusion-flex-container hundred-percent-fullwidth non-hundred-percent-height-scrolling\" style=\"--link_hover_color: var(--awb-color5);--link_color: var(--awb-color5);--awb-border-sizes-top:0px;--awb-border-sizes-bottom:0px;--awb-border-sizes-left:0px;--awb-border-sizes-right:0px;--awb-border-color:var(--awb-color3);--awb-border-radius-top-left:0px;--awb-border-radius-top-right:0px;--awb-border-radius-bottom-right:0px;--awb-border-radius-bottom-left:0px;--awb-padding-top:0px;--awb-padding-right:0px;--awb-padding-bottom:0px;--awb-padding-left:0px;--awb-margin-top:0px;--awb-margin-bottom:0px;--awb-flex-wrap:wrap;\" ><div class=\"fusion-builder-row fusion-row fusion-flex-align-items-stretch fusion-flex-content-wrap\" style=\"width:calc( 100% + 0px ) !important;max-width:calc( 100% + 0px ) !important;margin-left: calc(-0px \/ 2 );margin-right: calc(-0px \/ 2 );\"><div class=\"fusion-layout-column fusion_builder_column fusion-builder-column-3 fusion_builder_column_1_2 1_2 fusion-flex-column fusion-animated\" style=\"--awb-padding-top:4vw;--awb-padding-right:4vw;--awb-padding-bottom:4vw;--awb-padding-left:4vw;--awb-padding-top-medium:8vw;--awb-padding-right-medium:8vw;--awb-padding-bottom-medium:8vw;--awb-padding-left-medium:8vw;--awb-bg-color:var(--awb-color3);--awb-bg-color-hover:var(--awb-color3);--awb-bg-image:linear-gradient(139deg, var(--awb-color1) 19%,hsla(var(--awb-color1-h),var(--awb-color1-s),var(--awb-color1-l),calc(var(--awb-color1-a) - 50%)) 68%);;--awb-bg-position:right bottom;--awb-bg-size:cover;--awb-width-large:50%;--awb-margin-top-large:0px;--awb-spacing-right-large:calc( 0 * calc( 100% - 0px ) );--awb-margin-bottom-large:0px;--awb-spacing-left-large:0px;--awb-width-medium:50%;--awb-order-medium:0;--awb-spacing-right-medium:calc( 0 * calc( 100% - 0px ) );--awb-spacing-left-medium:0px;--awb-width-small:100%;--awb-order-small:0;--awb-spacing-right-small:0px;--awb-spacing-left-small:0px;\" data-animationType=\"fadeInUp\" data-animationDuration=\"1.3\" data-animationOffset=\"top-into-view\"><div class=\"fusion-column-wrapper lazyload fusion-column-has-shadow fusion-flex-justify-content-flex-start fusion-content-layout-column fusion-column-has-bg-image\" data-bg-url=\"https:\/\/coupdepouceassociation.fr\/wp-content\/uploads\/2024\/01\/COUP-DE-POUCE00090037-2000px-1024x682.jpg\" data-bg=\"https:\/\/coupdepouceassociation.fr\/wp-content\/uploads\/2024\/01\/COUP-DE-POUCE00090037-2000px-1024x682.jpg\" data-bg-gradient=\"linear-gradient(139deg, var(--awb-color1) 19%,hsla(var(--awb-color1-h),var(--awb-color1-s),var(--awb-color1-l),calc(var(--awb-color1-a) - 50%)) 68%)\"><div class=\"fusion-title title fusion-title-2 fusion-sep-none fusion-title-text fusion-title-size-three\" style=\"--awb-text-color:var(--awb-color8);--awb-margin-top:0px;--awb-margin-bottom:30px;--awb-margin-top-small:10px;--awb-margin-right-small:0px;--awb-margin-bottom-small:24px;--awb-margin-left-small:0px;\"><h3 class=\"fusion-title-heading title-heading-left fusion-responsive-typography-calculated\" style=\"margin:0;text-transform:none;--fontSize:36;line-height:var(--awb-typography1-line-height);\">Plus d&rsquo;informations sur mon don<\/h3><\/div><div ><a class=\"fusion-button button-flat fusion-button-default-size button-custom fusion-button-default button-2 fusion-button-default-span \" style=\"--awb-margin-right:30px;--awb-padding-top:20px;--awb-padding-right:30px;--awb-padding-bottom:20px;--awb-padding-left:30px;--button_accent_color:var(--awb-color1);--button_border_color:var(--awb-color1);--button_accent_hover_color:var(--awb-color1);--button_border_hover_color:var(--awb-color1);--button_border_width-top:0px;--button_border_width-right:0px;--button_border_width-bottom:0px;--button_border_width-left:0px;--button-border-radius-top-left:30px;--button-border-radius-top-right:30px;--button-border-radius-bottom-right:30px;--button-border-radius-bottom-left:30px;--button_gradient_angle:190deg;--button_gradient_top_color:#172537;--button_gradient_bottom_color:#172537;--button_gradient_top_color_hover:hsla(var(--awb-color8-h),var(--awb-color8-s),var(--awb-color8-l),calc(var(--awb-color8-a) - 20%));--button_gradient_bottom_color_hover:hsla(var(--awb-color8-h),var(--awb-color8-s),var(--awb-color8-l),calc(var(--awb-color8-a) - 20%));--button_text_transform:var(--awb-typography3-text-transform);--button_font_size:var(--awb-typography3-font-size);--button_line_height:var(--awb-typography3-line-height);--button_typography-letter-spacing:var(--awb-typography3-letter-spacing);--button_typography-font-family:var(--awb-typography3-font-family);--button_typography-font-weight:var(--awb-typography3-font-weight);--button_typography-font-style:var(--awb-typography3-font-style);\" target=\"_self\" href=\"https:\/\/coupdepouceassociation.fr\/index.php\/je-suis-particulier\/\"><span class=\"fusion-button-text awb-button__text awb-button__text--default\">Je d\u00e9couvre<\/span><\/a><\/div><\/div><\/div><div class=\"fusion-layout-column fusion_builder_column fusion-builder-column-4 fusion_builder_column_1_2 1_2 fusion-flex-column fusion-animated\" style=\"--awb-padding-top:4vw;--awb-padding-right:4vw;--awb-padding-bottom:4vw;--awb-padding-left:4vw;--awb-padding-top-medium:8vw;--awb-padding-right-medium:8vw;--awb-padding-bottom-medium:8vw;--awb-padding-left-medium:8vw;--awb-bg-color:var(--awb-color2);--awb-bg-color-hover:var(--awb-color2);--awb-bg-image:linear-gradient(141deg, var(--awb-color8) 23%,hsla(var(--awb-color8-h),var(--awb-color8-s),var(--awb-color8-l),calc(var(--awb-color8-a) - 50%)) 100%);;--awb-bg-size:cover;--awb-width-large:50%;--awb-margin-top-large:0px;--awb-spacing-right-large:0px;--awb-margin-bottom-large:0px;--awb-spacing-left-large:calc( 0 * calc( 100% - 0px ) );--awb-width-medium:50%;--awb-order-medium:0;--awb-spacing-right-medium:0px;--awb-spacing-left-medium:calc( 0 * calc( 100% - 0px ) );--awb-width-small:100%;--awb-order-small:0;--awb-spacing-right-small:0px;--awb-spacing-left-small:0px;\" data-animationType=\"fadeInDown\" data-animationDuration=\"1.3\" data-animationOffset=\"top-into-view\"><div class=\"fusion-column-wrapper lazyload fusion-column-has-shadow fusion-flex-justify-content-flex-start fusion-content-layout-column fusion-column-has-bg-image\" data-bg-url=\"https:\/\/coupdepouceassociation.fr\/wp-content\/uploads\/2024\/01\/COUP-DE-POUCE00090043-2000px-1024x682.jpg\" data-bg=\"https:\/\/coupdepouceassociation.fr\/wp-content\/uploads\/2024\/01\/COUP-DE-POUCE00090043-2000px-1024x682.jpg\" data-bg-gradient=\"linear-gradient(141deg, var(--awb-color8) 23%,hsla(var(--awb-color8-h),var(--awb-color8-s),var(--awb-color8-l),calc(var(--awb-color8-a) - 50%)) 100%)\"><div class=\"fusion-title title fusion-title-3 fusion-sep-none fusion-title-text fusion-title-size-three\" style=\"--awb-text-color:var(--awb-color1);--awb-margin-top:0px;--awb-margin-bottom:30px;--awb-margin-top-small:10px;--awb-margin-right-small:0px;--awb-margin-bottom-small:24px;--awb-margin-left-small:0px;\"><h3 class=\"fusion-title-heading title-heading-left fusion-responsive-typography-calculated\" style=\"margin:0;text-transform:none;--fontSize:36;line-height:var(--awb-typography1-line-height);\">D\u00e9couvrir nos programmes<\/h3><\/div><div ><a class=\"fusion-button button-flat fusion-button-default-size button-custom fusion-button-default button-3 fusion-button-default-span \" style=\"--awb-margin-right:30px;--awb-padding-top:20px;--awb-padding-right:30px;--awb-padding-bottom:20px;--awb-padding-left:30px;--button_accent_color:var(--awb-color1);--button_border_color:var(--awb-color8);--button_accent_hover_color:var(--awb-color1);--button_border_hover_color:var(--awb-color1);--button_border_width-top:0px;--button_border_width-right:0px;--button_border_width-bottom:0px;--button_border_width-left:0px;--button-border-radius-top-left:30px;--button-border-radius-top-right:30px;--button-border-radius-bottom-right:30px;--button-border-radius-bottom-left:30px;--button_gradient_angle:190deg;--button_gradient_top_color:#29abe3;--button_gradient_bottom_color:#29abe3;--button_gradient_top_color_hover:var(--awb-color7);--button_gradient_bottom_color_hover:var(--awb-color7);--button_text_transform:var(--awb-typography3-text-transform);--button_font_size:var(--awb-typography3-font-size);--button_line_height:var(--awb-typography3-line-height);--button_typography-letter-spacing:var(--awb-typography3-letter-spacing);--button_typography-font-family:var(--awb-typography3-font-family);--button_typography-font-weight:var(--awb-typography3-font-weight);--button_typography-font-style:var(--awb-typography3-font-style);\" target=\"_self\" href=\"https:\/\/coupdepouceassociation.fr\/index.php\/nos-programmes-periscolaires-extrascolaires\/\"><span class=\"fusion-button-text awb-button__text awb-button__text--default\">Plus d&rsquo;infos<\/span><\/a><\/div><\/div><\/div><\/div><\/div><\/p>\n","protected":false},"excerpt":{"rendered":"","protected":false},"author":3,"featured_media":0,"parent":0,"menu_order":0,"comment_status":"closed","ping_status":"closed","template":"100-width.php","meta":{"footnotes":""},"class_list":["post-3516","page","type-page","status-publish","hentry"],"yoast_head":"<!-- This site is optimized with the Yoast SEO plugin v27.5 - https:\/\/yoast.com\/product\/yoast-seo-wordpress\/ -->\n<title>Agir aujourd&#039;hui, r\u00e9ussir demain<\/title>\n<meta name=\"description\" content=\"Agissez pour pr\u00e9venir le d\u00e9crochage scolaire d\u00e8s les premi\u00e8res ann\u00e9es de scolarit\u00e9 des enfants ! Agir aujourd&#039;hui, r\u00e9ussir demain.\" \/>\n<meta name=\"robots\" content=\"index, follow, max-snippet:-1, max-image-preview:large, max-video-preview:-1\" \/>\n<link rel=\"canonical\" href=\"https:\/\/coupdepouceassociation.fr\/index.php\/agir-au-bon-moment\/\" \/>\n<meta property=\"og:locale\" content=\"fr_FR\" \/>\n<meta property=\"og:type\" content=\"article\" \/>\n<meta property=\"og:title\" content=\"Agir aujourd&#039;hui, r\u00e9ussir demain\" \/>\n<meta property=\"og:description\" content=\"Agissez pour pr\u00e9venir le d\u00e9crochage scolaire d\u00e8s les premi\u00e8res ann\u00e9es de scolarit\u00e9 des enfants ! Agir aujourd&#039;hui, r\u00e9ussir demain.\" \/>\n<meta property=\"og:url\" content=\"https:\/\/coupdepouceassociation.fr\/index.php\/agir-au-bon-moment\/\" \/>\n<meta property=\"og:site_name\" content=\"Association Coup de Pouce\" \/>\n<meta property=\"article:publisher\" content=\"https:\/\/www.facebook.com\/coupdepouceassociation\" \/>\n<meta property=\"article:modified_time\" content=\"2024-11-28T11:07:34+00:00\" \/>\n<meta name=\"twitter:card\" content=\"summary_large_image\" \/>\n<meta name=\"twitter:site\" content=\"@coupdepouceasso\" \/>\n<meta name=\"twitter:label1\" content=\"Dur\u00e9e de lecture estim\u00e9e\" \/>\n\t<meta name=\"twitter:data1\" content=\"1 minute\" \/>\n<script type=\"application\/ld+json\" class=\"yoast-schema-graph\">{\"@context\":\"https:\\\/\\\/schema.org\",\"@graph\":[{\"@type\":\"WebPage\",\"@id\":\"https:\\\/\\\/coupdepouceassociation.fr\\\/index.php\\\/agir-au-bon-moment\\\/\",\"url\":\"https:\\\/\\\/coupdepouceassociation.fr\\\/index.php\\\/agir-au-bon-moment\\\/\",\"name\":\"Agir aujourd'hui, r\u00e9ussir demain\",\"isPartOf\":{\"@id\":\"https:\\\/\\\/coupdepouceassociation.fr\\\/#website\"},\"datePublished\":\"2024-11-14T09:07:03+00:00\",\"dateModified\":\"2024-11-28T11:07:34+00:00\",\"description\":\"Agissez pour pr\u00e9venir le d\u00e9crochage scolaire d\u00e8s les premi\u00e8res ann\u00e9es de scolarit\u00e9 des enfants ! Agir aujourd'hui, r\u00e9ussir demain.\",\"breadcrumb\":{\"@id\":\"https:\\\/\\\/coupdepouceassociation.fr\\\/index.php\\\/agir-au-bon-moment\\\/#breadcrumb\"},\"inLanguage\":\"fr-FR\",\"potentialAction\":[{\"@type\":\"ReadAction\",\"target\":[\"https:\\\/\\\/coupdepouceassociation.fr\\\/index.php\\\/agir-au-bon-moment\\\/\"]}]},{\"@type\":\"BreadcrumbList\",\"@id\":\"https:\\\/\\\/coupdepouceassociation.fr\\\/index.php\\\/agir-au-bon-moment\\\/#breadcrumb\",\"itemListElement\":[{\"@type\":\"ListItem\",\"position\":1,\"name\":\"Accueil\",\"item\":\"https:\\\/\\\/coupdepouceassociation.fr\\\/\"},{\"@type\":\"ListItem\",\"position\":2,\"name\":\"\ud83e\udd1d Je mets fin au d\u00e9crochage scolaire\"}]},{\"@type\":\"WebSite\",\"@id\":\"https:\\\/\\\/coupdepouceassociation.fr\\\/#website\",\"url\":\"https:\\\/\\\/coupdepouceassociation.fr\\\/\",\"name\":\"Association Coup de Pouce\",\"description\":\"\",\"publisher\":{\"@id\":\"https:\\\/\\\/coupdepouceassociation.fr\\\/#organization\"},\"potentialAction\":[{\"@type\":\"SearchAction\",\"target\":{\"@type\":\"EntryPoint\",\"urlTemplate\":\"https:\\\/\\\/coupdepouceassociation.fr\\\/?s={search_term_string}\"},\"query-input\":{\"@type\":\"PropertyValueSpecification\",\"valueRequired\":true,\"valueName\":\"search_term_string\"}}],\"inLanguage\":\"fr-FR\"},{\"@type\":\"Organization\",\"@id\":\"https:\\\/\\\/coupdepouceassociation.fr\\\/#organization\",\"name\":\"Association Coup de Pouce\",\"url\":\"https:\\\/\\\/coupdepouceassociation.fr\\\/\",\"logo\":{\"@type\":\"ImageObject\",\"inLanguage\":\"fr-FR\",\"@id\":\"https:\\\/\\\/coupdepouceassociation.fr\\\/#\\\/schema\\\/logo\\\/image\\\/\",\"url\":\"https:\\\/\\\/coupdepouceassociation.fr\\\/wp-content\\\/uploads\\\/2024\\\/01\\\/CDP_LOGO_SIGN_POSITIF_pomme-scaled.jpg\",\"contentUrl\":\"https:\\\/\\\/coupdepouceassociation.fr\\\/wp-content\\\/uploads\\\/2024\\\/01\\\/CDP_LOGO_SIGN_POSITIF_pomme-scaled.jpg\",\"width\":2560,\"height\":1578,\"caption\":\"Association Coup de Pouce\"},\"image\":{\"@id\":\"https:\\\/\\\/coupdepouceassociation.fr\\\/#\\\/schema\\\/logo\\\/image\\\/\"},\"sameAs\":[\"https:\\\/\\\/www.facebook.com\\\/coupdepouceassociation\",\"https:\\\/\\\/x.com\\\/coupdepouceasso\",\"https:\\\/\\\/www.linkedin.com\\\/company\\\/11085170\\\/admin\\\/feed\\\/posts\\\/\",\"https:\\\/\\\/www.instagram.com\\\/coup_de_pouce_asso\\\/?hl=fr\",\"https:\\\/\\\/www.youtube.com\\\/@associationcoupdepouce8898\"]}]}<\/script>\n<!-- \/ Yoast SEO plugin. -->","yoast_head_json":{"title":"Agir aujourd'hui, r\u00e9ussir demain","description":"Agissez pour pr\u00e9venir le d\u00e9crochage scolaire d\u00e8s les premi\u00e8res ann\u00e9es de scolarit\u00e9 des enfants ! Agir aujourd'hui, r\u00e9ussir demain.","robots":{"index":"index","follow":"follow","max-snippet":"max-snippet:-1","max-image-preview":"max-image-preview:large","max-video-preview":"max-video-preview:-1"},"canonical":"https:\/\/coupdepouceassociation.fr\/index.php\/agir-au-bon-moment\/","og_locale":"fr_FR","og_type":"article","og_title":"Agir aujourd'hui, r\u00e9ussir demain","og_description":"Agissez pour pr\u00e9venir le d\u00e9crochage scolaire d\u00e8s les premi\u00e8res ann\u00e9es de scolarit\u00e9 des enfants ! Agir aujourd'hui, r\u00e9ussir demain.","og_url":"https:\/\/coupdepouceassociation.fr\/index.php\/agir-au-bon-moment\/","og_site_name":"Association Coup de Pouce","article_publisher":"https:\/\/www.facebook.com\/coupdepouceassociation","article_modified_time":"2024-11-28T11:07:34+00:00","twitter_card":"summary_large_image","twitter_site":"@coupdepouceasso","twitter_misc":{"Dur\u00e9e de lecture estim\u00e9e":"1 minute"},"schema":{"@context":"https:\/\/schema.org","@graph":[{"@type":"WebPage","@id":"https:\/\/coupdepouceassociation.fr\/index.php\/agir-au-bon-moment\/","url":"https:\/\/coupdepouceassociation.fr\/index.php\/agir-au-bon-moment\/","name":"Agir aujourd'hui, r\u00e9ussir demain","isPartOf":{"@id":"https:\/\/coupdepouceassociation.fr\/#website"},"datePublished":"2024-11-14T09:07:03+00:00","dateModified":"2024-11-28T11:07:34+00:00","description":"Agissez pour pr\u00e9venir le d\u00e9crochage scolaire d\u00e8s les premi\u00e8res ann\u00e9es de scolarit\u00e9 des enfants ! Agir aujourd'hui, r\u00e9ussir demain.","breadcrumb":{"@id":"https:\/\/coupdepouceassociation.fr\/index.php\/agir-au-bon-moment\/#breadcrumb"},"inLanguage":"fr-FR","potentialAction":[{"@type":"ReadAction","target":["https:\/\/coupdepouceassociation.fr\/index.php\/agir-au-bon-moment\/"]}]},{"@type":"BreadcrumbList","@id":"https:\/\/coupdepouceassociation.fr\/index.php\/agir-au-bon-moment\/#breadcrumb","itemListElement":[{"@type":"ListItem","position":1,"name":"Accueil","item":"https:\/\/coupdepouceassociation.fr\/"},{"@type":"ListItem","position":2,"name":"\ud83e\udd1d Je mets fin au d\u00e9crochage scolaire"}]},{"@type":"WebSite","@id":"https:\/\/coupdepouceassociation.fr\/#website","url":"https:\/\/coupdepouceassociation.fr\/","name":"Association Coup de Pouce","description":"","publisher":{"@id":"https:\/\/coupdepouceassociation.fr\/#organization"},"potentialAction":[{"@type":"SearchAction","target":{"@type":"EntryPoint","urlTemplate":"https:\/\/coupdepouceassociation.fr\/?s={search_term_string}"},"query-input":{"@type":"PropertyValueSpecification","valueRequired":true,"valueName":"search_term_string"}}],"inLanguage":"fr-FR"},{"@type":"Organization","@id":"https:\/\/coupdepouceassociation.fr\/#organization","name":"Association Coup de Pouce","url":"https:\/\/coupdepouceassociation.fr\/","logo":{"@type":"ImageObject","inLanguage":"fr-FR","@id":"https:\/\/coupdepouceassociation.fr\/#\/schema\/logo\/image\/","url":"https:\/\/coupdepouceassociation.fr\/wp-content\/uploads\/2024\/01\/CDP_LOGO_SIGN_POSITIF_pomme-scaled.jpg","contentUrl":"https:\/\/coupdepouceassociation.fr\/wp-content\/uploads\/2024\/01\/CDP_LOGO_SIGN_POSITIF_pomme-scaled.jpg","width":2560,"height":1578,"caption":"Association Coup de Pouce"},"image":{"@id":"https:\/\/coupdepouceassociation.fr\/#\/schema\/logo\/image\/"},"sameAs":["https:\/\/www.facebook.com\/coupdepouceassociation","https:\/\/x.com\/coupdepouceasso","https:\/\/www.linkedin.com\/company\/11085170\/admin\/feed\/posts\/","https:\/\/www.instagram.com\/coup_de_pouce_asso\/?hl=fr","https:\/\/www.youtube.com\/@associationcoupdepouce8898"]}]}},"_links":{"self":[{"href":"https:\/\/coupdepouceassociation.fr\/index.php\/wp-json\/wp\/v2\/pages\/3516","targetHints":{"allow":["GET"]}}],"collection":[{"href":"https:\/\/coupdepouceassociation.fr\/index.php\/wp-json\/wp\/v2\/pages"}],"about":[{"href":"https:\/\/coupdepouceassociation.fr\/index.php\/wp-json\/wp\/v2\/types\/page"}],"author":[{"embeddable":true,"href":"https:\/\/coupdepouceassociation.fr\/index.php\/wp-json\/wp\/v2\/users\/3"}],"replies":[{"embeddable":true,"href":"https:\/\/coupdepouceassociation.fr\/index.php\/wp-json\/wp\/v2\/comments?post=3516"}],"version-history":[{"count":101,"href":"https:\/\/coupdepouceassociation.fr\/index.php\/wp-json\/wp\/v2\/pages\/3516\/revisions"}],"predecessor-version":[{"id":3741,"href":"https:\/\/coupdepouceassociation.fr\/index.php\/wp-json\/wp\/v2\/pages\/3516\/revisions\/3741"}],"wp:attachment":[{"href":"https:\/\/coupdepouceassociation.fr\/index.php\/wp-json\/wp\/v2\/media?parent=3516"}],"curies":[{"name":"wp","href":"https:\/\/api.w.org\/{rel}","templated":true}]}}